{"id":122,"date":"2015-03-12T12:29:27","date_gmt":"2015-03-12T11:29:27","guid":{"rendered":"http:\/\/www.ipe-therapy.fr\/?page_id=122"},"modified":"2026-02-24T11:56:55","modified_gmt":"2026-02-24T10:56:55","slug":"accueil-2","status":"publish","type":"page","link":"https:\/\/www.ipe-therapy.fr\/","title":{"rendered":"Bienvenue !"},"content":{"rendered":"<h1><strong><img loading=\"lazy\" decoding=\"async\" class=\"alignnone size-full wp-image-281\" src=\"https:\/\/www.ipe-therapy.fr\/wp-content\/uploads\/2015\/03\/Logo_IPE.jpg\" alt=\"Logo_IPE\" width=\"400\" height=\"110\" srcset=\"https:\/\/www.ipe-therapy.fr\/wp-content\/uploads\/2015\/03\/Logo_IPE.jpg 400w, https:\/\/www.ipe-therapy.fr\/wp-content\/uploads\/2015\/03\/Logo_IPE-300x83.jpg 300w\" sizes=\"auto, (max-width: 400px) 100vw, 400px\" \/><br \/>\n<\/strong><\/h1>\n<h4>Cr\u00e9\u00e9e par Pascale Bernard, th\u00e9rapeute &amp; formatrice en France et \u00e0 l&rsquo;\u00e9tranger.<\/h4>\n<hr \/>\n<h2 style=\"text-align: left;\"><span style=\"color: #800080;\">CONF\u00c9RENCES &amp; ATELIERS<\/span><\/h2>\n<h4><span style=\"color: #800080;\"><strong><span class=\"style-scope yt-formatted-string\" dir=\"auto\">Extraits vid\u00e9os des conf\u00e9rences pr\u00e9c\u00e9dentes \u00e0 Aix en Provence et \u00e0 Paris:<\/span><\/strong><\/span><\/h4>\n<ul>\n<li><strong><a href=\"https:\/\/www.ipe-therapy.fr\/?p=2057\">Conf\u00e9rence du 18\/07\/2025: 2020 =&gt; 2025&#8230; Analyses, R\u00e9flexions, Ressources!<\/a><\/strong><\/li>\n<li><a href=\"https:\/\/www.ipe-therapy.fr\/?p=1812\" rel=\"noopener\"><strong><span class=\"style-scope yt-formatted-string\" dir=\"auto\">Conf\u00e9rence du 26\/11\/23 \u00e0 Aix &#8211; Enfants: Effraction \u00e9nerg\u00e9tique et vibratoire ?<\/span><\/strong><\/a><\/li>\n<li><a href=\"https:\/\/www.ipe-therapy.fr\/?p=1630\"><strong><span class=\"style-scope yt-formatted-string\" dir=\"auto\">Conf\u00e9rence du 14\/03\/23 \u00e0 Aix &#8211; T\u00e9moignages, cas pratiques et questions\/r\u00e9ponses<\/span><\/strong><\/a><\/li>\n<li><a href=\"https:\/\/www.ipe-therapy.fr\/?p=1466\"><strong><span class=\"style-scope yt-formatted-string\" dir=\"auto\">Conf\u00e9rence du 17\/10\/22 \u00e0 Paris &#8211; Polarit\u00e9 f\u00e9minine et masculine<\/span><\/strong><\/a><\/li>\n<li><a href=\"https:\/\/www.ipe-therapy.fr\/?p=1466\"><strong><span class=\"style-scope yt-formatted-string\" dir=\"auto\">Conf\u00e9rence du 06\/10\/22 \u00e0 Aix &#8211; Polarit\u00e9 f\u00e9minine et masculine<\/span><\/strong><\/a><\/li>\n<li><a href=\"https:\/\/www.ipe-therapy.fr\/?p=1466\"><strong><span class=\"style-scope yt-formatted-string\" dir=\"auto\">Conf\u00e9rence du 07\/07\/22 \u00e0 Aix &#8211; Au del\u00e0 de l&rsquo;\u00e9pig\u00e9n\u00e9tique, les m\u00e9moires transg\u00e9n\u00e9rationnelles<\/span><\/strong><\/a><\/li>\n<\/ul>\n<hr \/>\n<h2><span style=\"color: #800080;\"><strong>IPE \u00a0Int\u00e9gration Psycho-Energ\u00e9tique<\/strong><strong>\u00ae<\/strong><\/span><\/h2>\n<h4>Une passerelle vers le soi, le bien-\u00eatre, la sant\u00e9, pour int\u00e9grer la conscience sur le chemin d\u2019\u00e9volution.<\/h4>\n<p><strong>Notre histoire de vie et les m\u00e9moires de nos anc\u00eatres deviennent notre biologie. <\/strong><strong>Tout ce qui ne s&rsquo;exprime pas, s&rsquo;imprime! <span style=\"line-height: 1.5;\">Mettons en lumi\u00e8re nos m\u00e9moires secr\u00e8tes!<\/span><\/strong><\/p>\n<p>Le corps sait tout, il nous parle et se manifeste \u00e0 travers des douleurs et des souffrances:<br \/>\n<img loading=\"lazy\" decoding=\"async\" class=\" wp-image-25 alignnone\" src=\"https:\/\/www.ipe-therapy.fr\/wp-content\/uploads\/2015\/03\/etoile-therapie.png\" alt=\"etoile-therapie\" width=\"11\" height=\"10\" \/><strong>\u00a0Apprenons \u00e0 l&rsquo;\u00e9couter.<\/strong><\/p>\n<p>Les syst\u00e8mes \u00e9nerg\u00e9tiques complexes enregistrent tout:<br \/>\n<img loading=\"lazy\" decoding=\"async\" class=\" wp-image-25 alignnone\" src=\"https:\/\/www.ipe-therapy.fr\/wp-content\/uploads\/2015\/03\/etoile-therapie.png\" alt=\"etoile-therapie\" width=\"11\" height=\"10\" \/><strong>\u00a0Apprenons \u00e0 lib\u00e9rer ces m\u00e9moires, anciennes ou ancestrales, perturbantes avant qu\u2019elles n\u2019atteignent le physique, les organes, la psych\u00e9.<\/strong><\/p>\n<p>L&rsquo;Esprit, v\u00e9hicule des pens\u00e9es, est souvent d\u00e9-rout\u00e9 par le non-sens de notre vie \u00e9loign\u00e9e de sa route:<br \/>\n<img loading=\"lazy\" decoding=\"async\" class=\" wp-image-25 alignnone\" src=\"https:\/\/www.ipe-therapy.fr\/wp-content\/uploads\/2015\/03\/etoile-therapie.png\" alt=\"etoile-therapie\" width=\"11\" height=\"10\" \/>\u00a0<strong>Changeons et lib\u00e9rons les pens\u00e9es pour retrouver le chemin de notre vie.<\/strong><\/p>\n<h2><span style=\"color: #800080;\"><strong>Mon chemin de vie:<\/strong><\/span><\/h2>\n<p>Mon v\u00e9cu m&rsquo;a donn\u00e9 \u00e0 vivre des exp\u00e9riences intenses et des traumas multiples qui, surmont\u00e9s, m&rsquo;ont fait grandir et \u00e9voluer.<br \/>\nApr\u00e8s avoir acc\u00e9der aux ressources int\u00e9rieures qui ne demandent qu&rsquo;\u00e0 s&rsquo;\u00e9veiller, se r\u00e9v\u00e9ler en chacun de nous, m&rsquo;appara\u00eet une autre compr\u00e9hension de l&rsquo;\u00eatre humain dans sa globalit\u00e9 et dans sa complexit\u00e9.<\/p>\n<p>Les formations suivies, mon exp\u00e9rience de th\u00e9rapeute et d&rsquo;enseignante, m&rsquo;ont permis d&rsquo;acqu\u00e9rir une connaissance profonde et subtile des syst\u00e8mes psycho-\u00e9nerg\u00e9tiques et de l&rsquo;information cellulaire. Une analyse des r\u00e9sultats obtenus m&rsquo;a conduite \u00e0 \u00e9largir l&rsquo;application de diff\u00e9rentes m\u00e9thodes th\u00e9rapeutiques et \u00e0 cr\u00e9er IPE Therapy.<\/p>\n","protected":false},"excerpt":{"rendered":"<p>Cr\u00e9\u00e9e par Pascale Bernard, th\u00e9rapeute &amp; formatrice en France et \u00e0 l&rsquo;\u00e9tranger. CONF\u00c9RENCES &amp; ATELIERS Extraits vid\u00e9os des conf\u00e9rences pr\u00e9c\u00e9dentes \u00e0 Aix en Provence et \u00e0 Paris: Conf\u00e9rence du 18\/07\/2025: &#8230;<\/p>\n","protected":false},"author":1,"featured_media":2114,"parent":0,"menu_order":0,"comment_status":"closed","ping_status":"closed","template":"","meta":{"footnotes":""},"class_list":["post-122","page","type-page","status-publish","has-post-thumbnail","hentry"],"_links":{"self":[{"href":"https:\/\/www.ipe-therapy.fr\/index.php?rest_route=\/wp\/v2\/pages\/122","targetHints":{"allow":["GET"]}}],"collection":[{"href":"https:\/\/www.ipe-therapy.fr\/index.php?rest_route=\/wp\/v2\/pages"}],"about":[{"href":"https:\/\/www.ipe-therapy.fr\/index.php?rest_route=\/wp\/v2\/types\/page"}],"author":[{"embeddable":true,"href":"https:\/\/www.ipe-therapy.fr\/index.php?rest_route=\/wp\/v2\/users\/1"}],"replies":[{"embeddable":true,"href":"https:\/\/www.ipe-therapy.fr\/index.php?rest_route=%2Fwp%2Fv2%2Fcomments&post=122"}],"version-history":[{"count":253,"href":"https:\/\/www.ipe-therapy.fr\/index.php?rest_route=\/wp\/v2\/pages\/122\/revisions"}],"predecessor-version":[{"id":2154,"href":"https:\/\/www.ipe-therapy.fr\/index.php?rest_route=\/wp\/v2\/pages\/122\/revisions\/2154"}],"wp:featuredmedia":[{"embeddable":true,"href":"https:\/\/www.ipe-therapy.fr\/index.php?rest_route=\/wp\/v2\/media\/2114"}],"wp:attachment":[{"href":"https:\/\/www.ipe-therapy.fr\/index.php?rest_route=%2Fwp%2Fv2%2Fmedia&parent=122"}],"curies":[{"name":"wp","href":"https:\/\/api.w.org\/{rel}","templated":true}]}}