{"id":151,"date":"2015-03-12T13:49:57","date_gmt":"2015-03-12T13:49:57","guid":{"rendered":"http:\/\/www.ipe-therapy.fr\/?page_id=151"},"modified":"2023-10-06T15:39:36","modified_gmt":"2023-10-06T13:39:36","slug":"quest-ce-que-ipe-therapy","status":"publish","type":"page","link":"https:\/\/www.ipe-therapy.fr\/?page_id=151","title":{"rendered":"Qu&rsquo;est ce que IPE Therapy ?"},"content":{"rendered":"<p><strong>IPE Int\u00e9gration Psycho-Energ\u00e9tique:<\/strong> <b>cette th\u00e9rapie <\/b><span style=\"font-weight: 600;\">Int\u00e9grative<\/span><b>\u00a0innovante est bas\u00e9e sur les notions du corps physique, du corps \u00e9nerg\u00e9tique, de la psychologie et d&rsquo;une compr\u00e9hension profonde de l&rsquo;impact de m\u00e9moires sur nos syst\u00e8mes \u00e9nerg\u00e9tiques et dans nos cellules. Elle permet une r\u00e9-information cellulaire pour une vraie reconstruction en douceur, un retour \u00e0 soi et une r\u00e9elle lib\u00e9ration.\u00a0<\/b><\/p>\n<p><a href=\"https:\/\/www.ipe-therapy.fr\/wp-content\/uploads\/2015\/03\/etoile-therapie.png\"><img loading=\"lazy\" decoding=\"async\" class=\"alignnone wp-image-25\" src=\"https:\/\/www.ipe-therapy.fr\/wp-content\/uploads\/2015\/03\/etoile-therapie.png\" alt=\"etoile-therapie\" width=\"11\" height=\"10\" \/><\/a>\u00a0Cette approche de la compr\u00e9hension de l&rsquo;information cellulaire, charg\u00e9e des m\u00e9moires de notre vie et de celle de nos anc\u00eatres, de leur codages et encha\u00eenements est novatrice et unique.<\/p>\n<p><strong><a href=\"https:\/\/www.ipe-therapy.fr\/wp-content\/uploads\/2015\/03\/etoile-therapie.png\"><img loading=\"lazy\" decoding=\"async\" class=\"alignnone wp-image-25\" src=\"https:\/\/www.ipe-therapy.fr\/wp-content\/uploads\/2015\/03\/etoile-therapie.png\" alt=\"etoile-therapie\" width=\"11\" height=\"10\" \/><\/a><\/strong>Elle est unique, car il ne s&rsquo;agit pas uniquement de d\u00e9coder les m\u00e9moires (beaucoup de th\u00e9rapies le font), il est aussi imp\u00e9ratif de neutraliser les liens et les codages cr\u00e9\u00e9s, parfois depuis des g\u00e9n\u00e9rations, qui peuvent impacter notre corps, nos comportements et r\u00e9actions, notre \u00e9tat psychologique. Ces m\u00e9moires ainsi lib\u00e9r\u00e9es, les syst\u00e8mes de codage qu&rsquo;elles induisaient deviennent alors inactifs.<\/p>\n<p>&nbsp;<\/p>\n<blockquote>\n<p style=\"text-align: right;\"><em><strong>Vivre, c&rsquo;est s&rsquo;all\u00e9ger!<\/strong><\/em><\/p>\n<\/blockquote>\n<h6><\/h6>\n","protected":false},"excerpt":{"rendered":"<p>IPE Int\u00e9gration Psycho-Energ\u00e9tique: cette th\u00e9rapie Int\u00e9grative\u00a0innovante est bas\u00e9e sur les notions du corps physique, du corps \u00e9nerg\u00e9tique, de la psychologie et d&rsquo;une compr\u00e9hension profonde de l&rsquo;impact de m\u00e9moires sur nos &#8230;<\/p>\n","protected":false},"author":1,"featured_media":327,"parent":0,"menu_order":0,"comment_status":"closed","ping_status":"closed","template":"","meta":{"footnotes":""},"class_list":["post-151","page","type-page","status-publish","has-post-thumbnail","hentry"],"_links":{"self":[{"href":"https:\/\/www.ipe-therapy.fr\/index.php?rest_route=\/wp\/v2\/pages\/151","targetHints":{"allow":["GET"]}}],"collection":[{"href":"https:\/\/www.ipe-therapy.fr\/index.php?rest_route=\/wp\/v2\/pages"}],"about":[{"href":"https:\/\/www.ipe-therapy.fr\/index.php?rest_route=\/wp\/v2\/types\/page"}],"author":[{"embeddable":true,"href":"https:\/\/www.ipe-therapy.fr\/index.php?rest_route=\/wp\/v2\/users\/1"}],"replies":[{"embeddable":true,"href":"https:\/\/www.ipe-therapy.fr\/index.php?rest_route=%2Fwp%2Fv2%2Fcomments&post=151"}],"version-history":[{"count":26,"href":"https:\/\/www.ipe-therapy.fr\/index.php?rest_route=\/wp\/v2\/pages\/151\/revisions"}],"predecessor-version":[{"id":1725,"href":"https:\/\/www.ipe-therapy.fr\/index.php?rest_route=\/wp\/v2\/pages\/151\/revisions\/1725"}],"wp:featuredmedia":[{"embeddable":true,"href":"https:\/\/www.ipe-therapy.fr\/index.php?rest_route=\/wp\/v2\/media\/327"}],"wp:attachment":[{"href":"https:\/\/www.ipe-therapy.fr\/index.php?rest_route=%2Fwp%2Fv2%2Fmedia&parent=151"}],"curies":[{"name":"wp","href":"https:\/\/api.w.org\/{rel}","templated":true}]}}