{"id":158,"date":"2015-03-12T13:58:23","date_gmt":"2015-03-12T13:58:23","guid":{"rendered":"http:\/\/www.ipe-therapy.fr\/?page_id=158"},"modified":"2022-09-13T17:44:28","modified_gmt":"2022-09-13T15:44:28","slug":"ma-methode","status":"publish","type":"page","link":"https:\/\/www.ipe-therapy.fr\/?page_id=158","title":{"rendered":"M\u00e9thode IPE"},"content":{"rendered":"<h3><span style=\"color: #793275;\"><strong>Approche:<\/strong><\/span><\/h3>\n<p>&nbsp;<\/p>\n<blockquote><p><strong><em>La maladie, physique et psychologique, est comme un feu.<br \/>\n<\/em><\/strong><strong><em>Il y a des flammes, du bois, des braises.<br \/>\n<\/em><\/strong><strong><em>Le feu peut s\u2019\u00e9teindre mais s\u2019il reste des braises ou quelques morceaux de bois, il suffit d\u2019un coup de vent et le feu reprend.<\/em><\/strong><\/p><\/blockquote>\n<p>La m\u00e9decine s\u2019occupe des flammes. IPE Therapy permet d&rsquo;enlever les morceaux de bois et \u00e0 \u00e9teindre les braises.<\/p>\n<h3><strong><span style=\"color: #793275;\">M\u00e9thode:\u00a0<\/span><\/strong><\/h3>\n<p><strong>Je fais, en quelque sorte, le d\u00e9tective&#8230;<br \/>\n<\/strong><strong>L&rsquo;\u00e9coute active\u00a0<\/strong>permet de comprendre le sens subtil cach\u00e9 des mots et ce qu&rsquo;ils r\u00e9v\u00e8lent sur les profondeurs psycho-\u00e9nerg\u00e9tiques de l&rsquo;\u00eatre.<\/p>\n<p><strong>L&rsquo;interrogation le corps:<br \/>\n<\/strong>Il sait tout et nous d\u00e9voile des informations fondamentales et enfouies dont nous ne sommes pas conscients.<\/p>\n<p><strong>Identification:<br \/>\n<\/strong><a href=\"https:\/\/www.ipe-therapy.fr\/wp-content\/uploads\/2015\/03\/etoile-therapie.png\"><img loading=\"lazy\" decoding=\"async\" class=\"alignnone wp-image-25\" src=\"https:\/\/www.ipe-therapy.fr\/wp-content\/uploads\/2015\/03\/etoile-therapie.png\" alt=\"etoile-therapie\" width=\"11\" height=\"10\" \/><\/a>\u00a0Des perturbations dans les syst\u00e8mes \u00e9nerg\u00e9tiques et dans les cellules.<br \/>\n<a href=\"https:\/\/www.ipe-therapy.fr\/wp-content\/uploads\/2015\/03\/etoile-therapie.png\"><img loading=\"lazy\" decoding=\"async\" class=\"alignnone wp-image-25\" src=\"https:\/\/www.ipe-therapy.fr\/wp-content\/uploads\/2015\/03\/etoile-therapie.png\" alt=\"etoile-therapie\" width=\"11\" height=\"10\" \/><\/a>\u00a0Des stress traumatiques, inconscients, douloureux et destructeurs et les m\u00e9moires qui y sont associ\u00e9es.<\/p>\n<p><strong>Recherche :<br \/>\n<\/strong><a href=\"https:\/\/www.ipe-therapy.fr\/wp-content\/uploads\/2015\/03\/etoile-therapie.png\"><img loading=\"lazy\" decoding=\"async\" class=\"alignnone wp-image-25\" src=\"https:\/\/www.ipe-therapy.fr\/wp-content\/uploads\/2015\/03\/etoile-therapie.png\" alt=\"etoile-therapie\" width=\"11\" height=\"10\" \/><\/a>\u00a0De la provenance des m\u00e9moires traumatiques et leurs localisations.<br \/>\n<a href=\"https:\/\/www.ipe-therapy.fr\/wp-content\/uploads\/2015\/03\/etoile-therapie.png\"><img loading=\"lazy\" decoding=\"async\" class=\"alignnone wp-image-25\" src=\"https:\/\/www.ipe-therapy.fr\/wp-content\/uploads\/2015\/03\/etoile-therapie.png\" alt=\"etoile-therapie\" width=\"11\" height=\"10\" \/><\/a>\u00a0Des codages des m\u00e9moires cellulaires et des liens m\u00e9moriels.<br \/>\n<a href=\"https:\/\/www.ipe-therapy.fr\/wp-content\/uploads\/2015\/03\/etoile-therapie.png\"><img loading=\"lazy\" decoding=\"async\" class=\"alignnone wp-image-25\" src=\"https:\/\/www.ipe-therapy.fr\/wp-content\/uploads\/2015\/03\/etoile-therapie.png\" alt=\"etoile-therapie\" width=\"11\" height=\"10\" \/><\/a>\u00a0O\u00f9 et de quelle fa\u00e7on ces m\u00e9moires s&rsquo;expriment et se manifestent.<\/p>\n<p><strong>Je fais des liens entre toutes ces informations pour aller \u00e0 la source des probl\u00e8mes et comprendre les syst\u00e8mes de perturbations qui se sont mis en place. En quelque sorte, je recherche des lieux et les cl\u00e9s, pour ouvrir les portes et lib\u00e9rer les m\u00e9moires.<\/strong><\/p>\n","protected":false},"excerpt":{"rendered":"<p>Approche: &nbsp; La maladie, physique et psychologique, est comme un feu. Il y a des flammes, du bois, des braises. Le feu peut s\u2019\u00e9teindre mais s\u2019il reste des braises ou &#8230;<\/p>\n","protected":false},"author":1,"featured_media":374,"parent":0,"menu_order":0,"comment_status":"closed","ping_status":"closed","template":"","meta":{"footnotes":""},"class_list":["post-158","page","type-page","status-publish","has-post-thumbnail","hentry"],"_links":{"self":[{"href":"https:\/\/www.ipe-therapy.fr\/index.php?rest_route=\/wp\/v2\/pages\/158","targetHints":{"allow":["GET"]}}],"collection":[{"href":"https:\/\/www.ipe-therapy.fr\/index.php?rest_route=\/wp\/v2\/pages"}],"about":[{"href":"https:\/\/www.ipe-therapy.fr\/index.php?rest_route=\/wp\/v2\/types\/page"}],"author":[{"embeddable":true,"href":"https:\/\/www.ipe-therapy.fr\/index.php?rest_route=\/wp\/v2\/users\/1"}],"replies":[{"embeddable":true,"href":"https:\/\/www.ipe-therapy.fr\/index.php?rest_route=%2Fwp%2Fv2%2Fcomments&post=158"}],"version-history":[{"count":17,"href":"https:\/\/www.ipe-therapy.fr\/index.php?rest_route=\/wp\/v2\/pages\/158\/revisions"}],"predecessor-version":[{"id":1240,"href":"https:\/\/www.ipe-therapy.fr\/index.php?rest_route=\/wp\/v2\/pages\/158\/revisions\/1240"}],"wp:featuredmedia":[{"embeddable":true,"href":"https:\/\/www.ipe-therapy.fr\/index.php?rest_route=\/wp\/v2\/media\/374"}],"wp:attachment":[{"href":"https:\/\/www.ipe-therapy.fr\/index.php?rest_route=%2Fwp%2Fv2%2Fmedia&parent=158"}],"curies":[{"name":"wp","href":"https:\/\/api.w.org\/{rel}","templated":true}]}}