{"id":243,"date":"2015-03-19T16:23:11","date_gmt":"2015-03-19T15:23:11","guid":{"rendered":"http:\/\/www.ipe-therapy.fr\/?page_id=243"},"modified":"2026-04-23T11:14:53","modified_gmt":"2026-04-23T09:14:53","slug":"portrait","status":"publish","type":"page","link":"https:\/\/www.ipe-therapy.fr\/?page_id=243","title":{"rendered":"Portrait"},"content":{"rendered":"<p><strong>Pascale Bernard : th\u00e9rapeute et formatrice en th\u00e9rapie psycho-\u00e9nerg\u00e9tique int\u00e9grative<\/strong>.<\/p>\n<p>J&rsquo;ai eu une vie peu banale et continue son chemin contre vents et mar\u00e9es. Aujourd&rsquo;hui, elle se pr\u00e9sente \u00e0 un public toujours plus large ; tant\u00f4t sceptique, tant\u00f4t s\u00e9duit&#8230;<br \/>\nPour en savoir plus sur l\u2019int\u00e9ress\u00e9e <a href=\"https:\/\/lepetitjournal.com\/singapour\/communaute\/portrait-pascale-bernard-therapeute-ipe-45571\" target=\"_blank\" rel=\"noopener\"><strong>&gt;&gt; cliquez ici pour consulter l&rsquo;article paru en avril 2015, lors de sa venue \u00e0 Singapour<\/strong><\/a> <img loading=\"lazy\" decoding=\"async\" class=\"alignnone wp-image-2181\" src=\"https:\/\/www.ipe-therapy.fr\/wp-content\/uploads\/2026\/02\/flag_singapur_small.gif\" alt=\"\" width=\"22\" height=\"21\" \/> &#8230;Portrait \u00e0 lire \u00e9galement ci-dessous <img loading=\"lazy\" decoding=\"async\" class=\"an1\" src=\"https:\/\/fonts.gstatic.com\/s\/e\/notoemoji\/14.0\/1f447\/32.png\" alt=\"\" width=\"16\" height=\"16\" data-emoji=\"\" aria-label=\"\" \/><\/p>\n<hr \/>\n<p>&nbsp;<\/p>\n<blockquote><p><em><strong>Pouvez-vous nous expliquer en quoi consiste votre m\u00e9tier ?<\/strong><\/em><\/p>\n<p><em>Mon m\u00e9tier de th\u00e9rapeute en psycho \u00e9nerg\u00e9tique int\u00e9grative est bas\u00e9 sur les notions du corps physique, du corps \u00e9nerg\u00e9tique, de la psychologie et d\u2019une compr\u00e9hension profonde de l\u2019impact des m\u00e9moires sur nos syst\u00e8mes \u00e9nerg\u00e9tiques et dans nos cellules.<\/em><\/p>\n<p><em>Je joue, en quelque sorte, \u00able d\u00e9tective\u00bb en recherchant chez une personne les syst\u00e8mes \u00e9nerg\u00e9tiques d\u00e9s\u00e9quilibr\u00e9s. Je les identifie, les localise pour remonter \u00e0 leur source. Une des cl\u00e9s principales est de comprendre leurs origines qui peuvent \u00eatre parfois, et m\u00eame souvent, transg\u00e9n\u00e9rationnelles. Ce travail d\u2019identification et de compr\u00e9hension des perturbations des syst\u00e8mes \u00e9nerg\u00e9tiques me permet ensuite de travailler pour lib\u00e9rer les\u00a0 cellules de ces m\u00e9moires et d\u00e9sactiver les codages.<\/em><\/p>\n<p><em>Un des outils principaux utilis\u00e9s pour mon travail sont les Nutri\u00ae.\u00a0Ce sont des compl\u00e9ments alimentaires, compos\u00e9s de micro doses d\u2019oligo-\u00e9l\u00e9ments qui ont la particularit\u00e9 de r\u00e9guler les courants de vie circulant dans nos m\u00e9ridiens. La prise de Nutri\u00ae, matin et soir, est semblabe \u00e0 une s\u00e9ance d\u2019acupuncture 2 fois par jour. Ainsi la r\u00e9-information, r\u00e9guli\u00e8re et sur quelques semaines, permet aux syst\u00e8mes \u00e9nerg\u00e9tiques d\u2019enregistrer et de graver cette information lib\u00e9r\u00e9e des stress et traumas ant\u00e9rieurs.<\/em><\/p>\n<p><em><strong>Qui sont vos clients ?<\/strong><\/em><\/p>\n<p><em>Bonne question\u2026 Les personnes viennent vers moi \u00e0 la suite d\u2019un cours que j\u2019ai donn\u00e9 ou via le\u00a0 bouche-\u00e0-oreilles. Ce sont en majorit\u00e9 des femmes, bien que depuis 2 ans je note une forte \u00e9volution de la client\u00e8le masculine. Bien souvent, les maris, vivant les changements tr\u00e8s positifs de leur \u00e9pouse, se posent des questions et viennent me voir. L\u2019inverse arrive aussi quelquefois mais c\u2019est plus rare.<\/em><\/p>\n<p><em>Ce sont des personnes de tout \u00e2ge, de l\u2019enfance aux seniors&#8230; Mon doyen a 85 ans! &#8230;Avec une majorit\u00e9 de personnes entre 38 et 45 ans qui se trouvent souvent \u00e0 un vrai tournant dans leur vie.<\/em><\/p>\n<p><em>Il existe deux types de motivations:<\/em><\/p>\n<p><em>&#8211; La premi\u00e8re pour un d\u00e9veloppement personnel (accompagnement au changement familial, professionnel, s\u00e9paration), des personnes souhaitant faire un travail d\u2019\u00e9volution personnelle et \/ ou compl\u00e9ter une psychoth\u00e9rapie, l\u2019accompagnement \u00e0 la grossesse, l\u2019\u00e9volution de la sexualit\u00e9, am\u00e9lioration de leur vie relationnelle sociale ou personnelle.<\/em><\/p>\n<p><em>&#8211; L\u2019autre cat\u00e9gorie de clients regroupe des personnes souffrants physiquement ou\/et psychologiquement (maladies chroniques pour lesquelles la m\u00e9decine leur apporte peu de solutions, d\u00e9pression, mal-\u00eatre, fatigue inexpliqu\u00e9e, insomnies, probl\u00e8mes affectifs ou relationnels r\u00e9p\u00e9t\u00e9s, probl\u00e8mes osseux et\/ou articulaires, d\u00e9s\u00e9quilibre hormonaux, probl\u00e8mes de peau, maladie grave ou d\u00e9g\u00e9n\u00e9rative en compl\u00e9ment de la m\u00e9decine allopathique).<\/em><\/p>\n<p><em>&#8230;Bref, mes clients sont toutes sortes de personnes ayant besoin d\u2019une aide th\u00e9rapeutique globale apportant une vision \u00e9largie de leurs probl\u00e8mes et des solutions \u00abdouces\u00bb, rapides et surtout durables.<\/em><\/p>\n<p><em><strong>Pouvez-vous nous raconter la gen\u00e8se de votre d\u00e9marche, comment cela a-t-il commenc\u00e9 ?<\/strong><\/em><\/p>\n<p><em>Il s\u2019agit d\u2019un chemin de Vie o\u00f9 s\u2019inscrivent 3 voies \u2026 pour l\u2019instant\u00a0!<\/em><br \/>\n<em> &#8211; La culture, dipl\u00f4m\u00e9e d\u2019histoire et d\u2019histoire de l\u2019art.<\/em><br \/>\n<em> &#8211; Le business, j\u2019ai une formation de management strat\u00e9gique des entreprises de l\u2019ESCP (Ecole Sup\u00e9rieure de Commerce de Paris).<\/em><br \/>\n<em> &#8211; La th\u00e9rapie\u00a0via mes exp\u00e9riences personnelles, mes formations, ma pratique et l\u2019enseignement.<\/em><\/p>\n<p><em>Depuis toujours\u00a0j\u2019ai fait le choix de me soigner, ainsi que mes 3 enfants, avec l\u2019hom\u00e9opathie, l\u2019acupuncture et les th\u00e9rapies \u00e9nerg\u00e9tiques.<\/em><\/p>\n<p><em>En 1991, j\u2019exp\u00e9rimente pour la premi\u00e8re fois les Nutri\u00ae via mon m\u00e9decin.<\/em><\/p>\n<p><em>En juin 2001 ma vie bascule en apprenant que mon fils Guillaume de 13 ans est atteint d\u2019un cancer.<\/em><\/p>\n<p><em>En juin 2003 je comprends que la m\u00e9decine se r\u00e9v\u00e8le impuissante \u00e0 le soigner et que Guillaume va quitter ce monde. Mon instinct de maman, ma sensibilit\u00e9,\u00a0 mes intuitions s\u2019unissent et m\u2019am\u00e8nent vers les m\u00e9decines parall\u00e8les (m\u00e9decins) et th\u00e9rapies psycho-\u00e9nerg\u00e9tiques pour \u00abtout faire pour que Guillaume vive\u00bb. Et il vivra\u00a0! J&rsquo;ai fait appel \u00e0 6 th\u00e9rapies parmi lesquelles la Nutripuncture\u00ae a jou\u00e9 un r\u00f4le important. Guillaume a pris des Nutri\u00ae d\u00e8s 2003 et jusqu\u2019en 2009. La d\u00e9couverte de la m\u00e9decine alternative et des th\u00e9rapies \u00e9nerg\u00e9tiques a \u00e9t\u00e9 une r\u00e9v\u00e9lation qui m\u2019a litt\u00e9ralement \u00abhapp\u00e9e\u00bb et emport\u00e9e vers de nouveaux savoirs tous plus int\u00e9ressants les uns que les autres. Cela a tout simplement chang\u00e9 notre vie.<\/em><\/p>\n<p><em>Mon constat concernant les Nutri\u00ae \u00e9tait qu\u2019ils effectuent un travail subtil de fond\u00a0; ils permettent une prise de conscience et une harmonisation psycho comportementales importants au niveau personnel et familial. Nous constations que notre \u00abbien \u00eatre\u00bb \u00e9tait croissant, que nos \u00e9tats de sant\u00e9 s\u2019am\u00e9lioraient,\u00a0 que nos relations familiales \u00e9taient harmonieuses malgr\u00e9 les difficult\u00e9s, que la vie prenait plus de relief\u2026<\/em><\/p>\n<p><em>J\u2019ai donc d\u00e9cid\u00e9, en parall\u00e8le de mon activit\u00e9 professionnelle de \u00abdirectrice commerciale\u00bb dans une entreprise am\u00e9ricaine, de m\u2019int\u00e9resser et de me former \u00e0 ces th\u00e9rapies \u00e9nerg\u00e9tiques. Mes ressentis, mon intuition et les solutions mises en place avaient favoris\u00e9 la gu\u00e9rison de Guillaume.\u00a0 Il en avait \u00e9t\u00e9 de m\u00eame pour moi qui ai eu une grave maladie osseuse invalidante et sans solutions m\u00e9dicales et pour d\u2019autres personnes de mon entourage que j\u2019ai aid\u00e9es. Il fallait donc que j\u2019aille plus loin. Il me fallait comprendre, me former, aider et transmettre. C\u2019est alors que\u00a0 j\u2019ai d\u00e9cid\u00e9 d\u2019approfondir la Nutripuncture\u00ae et les autres techniques th\u00e9rapeutiques, pour en faire b\u00e9n\u00e9ficier le plus grand nombre. J\u2019ai ainsi \u00e9t\u00e9 amen\u00e9e \u00e0 enseigner la Nutripuncture\u00ae, pendant 4 ans \u00e0 Singapour et aux Etats-Unis o\u00f9 j\u2019ai form\u00e9 \u00e0 mon tour de nombreux th\u00e9rapeutes.<\/em><\/p>\n<p><em>Mes recherches et mon exp\u00e9rience m\u2019ont conduite \u00e0 cr\u00e9er IPE Therapy (Integrative Pyscho Energetic Therapy) o\u00f9 j\u2019introduis, entre autre, une nouvelle approche de la compr\u00e9hension de l\u2019information cellulaire charg\u00e9e des m\u00e9moires de notre vie et de nos anc\u00eatres, de leur codages et encha\u00eenements. Aujourd\u2019hui mon objectif est de continuer mes recherches \u00e0 travers mon activit\u00e9 de th\u00e9rapeute et de former, \u00e0 mon tour, de plus en plus de personnes.<\/em><\/p>\n<p><em><strong>Votre plus belle histoire ?<\/strong><\/em><\/p>\n<p><em>Bien entendu il y a celle de ma famille et de mon fils, Guillaume, aujourd\u2019hui 28 ans, travaillant depuis 4 ans, en Afrique dans une ONG humanitaire.<\/em><\/p>\n<p><em>Concernant mon exp\u00e9rience th\u00e9rapeutique\u00a0: il y en a beaucoup\u00a0! En voici quelques unes :<\/em><br \/>\n<em> &#8211; La r\u00e9conciliation d\u2019un couple avec 2 enfants adolescents, en crise majeure et en instance de divorce a \u00e9t\u00e9 une tr\u00e8s belle histoire de vie.<\/em><br \/>\n<em> &#8211; Mais aussi la r\u00e9int\u00e9gration d\u2019une enfant de 5 ans dans le cursus scolaire normal alors que suite \u00e0 un retard de croissance et mental, non compr\u00e9hensif par la m\u00e9decine, elle devait \u00eatre plac\u00e9e en \u00e9cole sp\u00e9cialis\u00e9e.<\/em><br \/>\n<em> &#8211; De mani\u00e8re plus d\u00e9taill\u00e9e je peux citer\u00a0Madame J, 75 ans, qui est venue me voir en janvier 2013 pour des douleurs osseuses insupportables au point d\u2019\u00eatre pratiquement immobilis\u00e9e plusieurs heures par jour et d\u2019\u00eatre \u00abdrogu\u00e9e\u00bb d\u2019anti antalgiques. Sa seule demande \u00e9tait\u00a0: \u00abJe ne veux plus souffrir, c\u2019est trop dur\u2026\u00bb. Je ne pouvais r\u00e9pondre \u00e0 cette demande. Mais je lui expliquais qu\u2019il \u00e9tait important de faire un travail de fond sur l\u2019origine de son probl\u00e8me osseux, les m\u00e9moires grav\u00e9es et les codages, pour essayer d\u2019arr\u00eater de ph\u00e9nom\u00e8ne de destruction osseuse constat\u00e9 sur les images radiographiques. D\u00e9\u00e7ue que je ne r\u00e9ponde pas \u00e0 sa demande et sceptique quant \u00e0 mon approche, elle accepta de faire un essai pour \u00abvoir\u00bb puisque rien ne l\u2019avait aid\u00e9e jusqu&rsquo;\u00e0 pr\u00e9sent. Je vous passe les d\u00e9tails techniques mais je vous livre les faits suivants: d\u00e8s mars 2013, J. ne prenait plus d\u2019anti antalgiques et allait beaucoup mieux. En juin 2013, elle reprenait une vie normale et active sans douleurs, elle revivait. \u00abJ\u2019ai rajeuni de 10 ans et je n\u2019ai plus de douleurs\u00bb, m\u2019a-t-elle confi\u00e9.<\/em><\/p>\n<p><em>Il n\u2019y a pas de \u00abmiracle\u00bb dans cette gu\u00e9rison mais un travail sur les d\u00e9codages de m\u00e9moires et l&rsquo;utilisation d&rsquo;outils th\u00e9rapeutiques. Et comme il n\u2019est jamais trop tard, son mari \u00e2g\u00e9 de 80 ans est venu lui aussi pour rajeunir\u00a0! Aujourd\u2019hui, \u00e0 82 ans il m\u00e8ne une vie de \u00abjeune homme\u00bb selon son \u00e9pouse.<\/em><\/p>\n<p><em><strong>Quel est votre plus gros d\u00e9fi ?<\/strong><\/em><\/p>\n<p><em>C\u2019est, il me semble, un d\u00e9fi commun \u00e0 toutes les personnes qui \u0153uvrent dans les th\u00e9rapies alternatives, c\u2019est-\u00e0-dire pouvoir travailler en toute reconnaissance avec la m\u00e9decine car nous sommes compl\u00e9mentaires. Je cite tr\u00e8s souvent cette m\u00e9taphore pour faire comprendre mon travail\u00a0:<\/em><\/p>\n<p><em>\u00abLa maladie, physique et psychologique, est comme un feu. Il y a des flammes, du bois, des braises.\u00a0Le feu peut s\u2019\u00e9teindre mais s\u2019il reste des braises ou quelques morceaux de bois, il suffit d\u2019un coup de vent et le feu reprend\u00bb.<\/em><\/p>\n<p><em>La m\u00e9decine s\u2019occupe des flammes.\u00a0La th\u00e9rapie IPE (<strong>I<\/strong>ntegrative <strong>P<\/strong>sycho <strong>E<\/strong>nergetic Therapy) consiste \u00e0 enlever les b\u00fbches et \u00e0 \u00e9teindre les braises. Le d\u00e9fi est d\u2019arriver \u00e0 transmettre, former de mani\u00e8re juste et s\u00e9rieuse pour \u00ab\u00a0professionnaliser\u00bb, et ainsi encadrer, la profession. Ainsi, de plus en plus de personnes pourraient \u00eatre aid\u00e9es sur le terrain de leur probl\u00e8me avant qu\u2019il ne flambe ou en accompagnement d\u2019une maladie pour \u00e9viter que les braises ne r\u00e9activent un jour le feu.<\/em><\/p>\n<p><em><strong>A quoi ressemble une journ\u00e9e-type pour vous ?<\/strong><\/em><\/p>\n<p><em>Il est difficile de r\u00e9pondre \u00e0 cette question.\u00a0 Dans ce m\u00e9tier, il n\u2019y a pas de journ\u00e9e-type. L\u2019important est d\u2019\u00eatre centr\u00e9 et \u00e9quilibr\u00e9 \u00e9nerg\u00e9tiquement et psychologiquement pour \u00eatre au maximum dans l\u2019ouverture et la r\u00e9ceptivit\u00e9 dans le rapport th\u00e9rapeutique \u00e0 l\u2019autre. La journ\u00e9e-type pourrait se r\u00e9sumer ainsi : \u00eatre constamment dans l\u2019instant pr\u00e9sent et l\u2019ouverture, dans l\u2019accueil de ce que la personne, dans sa globalit\u00e9, a \u00e0 nous dire. La journ\u00e9e type est d\u2019 \u00abETRE\u00bb et non de \u00abFAIRE\u00bb.<\/em><\/p>\n<p><em><strong>Quelle est votre plus grande fiert\u00e9\/satisfaction ?<\/strong><\/em><\/p>\n<p><em>Il n\u2019y a pas de fiert\u00e9. Personnellement il y a un profond bonheur, donc satisfaction, \u00e0 \u00eatre arriv\u00e9e sur mon chemin de vie et de faire aussi de mes exp\u00e9riences au quotidien un chemin d&rsquo;\u00e9volution. L\u2019important n\u2019est pas le but au bout du chemin, mais le paysage et la lumi\u00e8re qui changent \u00e0 chaque pas.<\/em><\/p>\n<p><em>Ma satisfaction est d\u2019\u00eatre arriv\u00e9e \u00e0 surmonter tant d\u2019\u00e9preuves dans ma vie pour aujourd\u2019hui avoir la pleine conscience que celles-ci sont les briques de ce que je suis maintenant, une femme \u00e9panouie, heureuse et consciente d&rsquo;elle-m\u00eame. Et pour ceci je dois remercier toutes les personnes, d\u2019une grande sagesse, qui m\u2019ont\u00a0 accompagn\u00e9e pour sortir de \u00abla caverne\u00bb et faire un beau voyage int\u00e9rieur.<\/em><\/p>\n<p><em><strong>De quoi sera fait demain ?<\/strong><\/em><\/p>\n<p><em>L\u2019instant pr\u00e9sent \u00e9tant le ma\u00eetre mot, il m\u2019est impossible de r\u00e9pondre \u00e0 cette question. Je continue donc au quotidien mon travail de th\u00e9rapeute et de recherches avec \u00e9galement l&rsquo;objectif de transmettre mon exp\u00e9rience et mes connaissances par l\u2019interm\u00e9diaire de mes cours\u00a0 IPE Institut.<\/em><\/p><\/blockquote>\n","protected":false},"excerpt":{"rendered":"<p>Pascale Bernard : th\u00e9rapeute et formatrice en th\u00e9rapie psycho-\u00e9nerg\u00e9tique int\u00e9grative. J&rsquo;ai eu une vie peu banale et continue son chemin contre vents et mar\u00e9es. Aujourd&rsquo;hui, elle se pr\u00e9sente \u00e0 un &#8230;<\/p>\n","protected":false},"author":1,"featured_media":2003,"parent":0,"menu_order":0,"comment_status":"closed","ping_status":"closed","template":"","meta":{"footnotes":""},"class_list":["post-243","page","type-page","status-publish","has-post-thumbnail","hentry"],"_links":{"self":[{"href":"https:\/\/www.ipe-therapy.fr\/index.php?rest_route=\/wp\/v2\/pages\/243","targetHints":{"allow":["GET"]}}],"collection":[{"href":"https:\/\/www.ipe-therapy.fr\/index.php?rest_route=\/wp\/v2\/pages"}],"about":[{"href":"https:\/\/www.ipe-therapy.fr\/index.php?rest_route=\/wp\/v2\/types\/page"}],"author":[{"embeddable":true,"href":"https:\/\/www.ipe-therapy.fr\/index.php?rest_route=\/wp\/v2\/users\/1"}],"replies":[{"embeddable":true,"href":"https:\/\/www.ipe-therapy.fr\/index.php?rest_route=%2Fwp%2Fv2%2Fcomments&post=243"}],"version-history":[{"count":34,"href":"https:\/\/www.ipe-therapy.fr\/index.php?rest_route=\/wp\/v2\/pages\/243\/revisions"}],"predecessor-version":[{"id":2200,"href":"https:\/\/www.ipe-therapy.fr\/index.php?rest_route=\/wp\/v2\/pages\/243\/revisions\/2200"}],"wp:featuredmedia":[{"embeddable":true,"href":"https:\/\/www.ipe-therapy.fr\/index.php?rest_route=\/wp\/v2\/media\/2003"}],"wp:attachment":[{"href":"https:\/\/www.ipe-therapy.fr\/index.php?rest_route=%2Fwp%2Fv2%2Fmedia&parent=243"}],"curies":[{"name":"wp","href":"https:\/\/api.w.org\/{rel}","templated":true}]}}