{"id":254,"date":"2015-03-19T17:16:11","date_gmt":"2015-03-19T16:16:11","guid":{"rendered":"http:\/\/www.ipe-therapy.fr\/?page_id=254"},"modified":"2026-04-18T15:21:13","modified_gmt":"2026-04-18T13:21:13","slug":"agenda-2","status":"publish","type":"page","link":"https:\/\/www.ipe-therapy.fr\/?page_id=254","title":{"rendered":"Prise de rendez-vous pour des consultations"},"content":{"rendered":"<h2 style=\"text-align: left;\"><span style=\"color: #000080;\"><strong>Les cr\u00e9neaux de rendez-vous sont ouverts \u00e0 Paris, en Visio et dans le Sud jusqu&rsquo;au <\/strong><\/span><span style=\"color: #993366;\"><strong>15 juin 2026.<\/strong><\/span><\/h2>\n<p><span style=\"color: #000080;\"><strong>Pour \u00eatre alert\u00e9 des ouvertures des rendez-vous <span style=\"color: #993366;\">apr\u00e8s le 15\/06\/2026<\/span>, envoyez-moi par mail votre demande afin que je vous ajoute \u00e0 ma liste de diffusion.<\/strong><\/span><\/p>\n<hr \/>\n<h3>Charte d\u00e9ontologique<\/h3>\n<p>La prise de rendez-vous implique que vous ayez lu et accept\u00e9 la <span style=\"caret-color: #000000;\">charte<\/span> ci-dessous ainsi que les conseils en bas de page: <a href=\"http:\/\/www.ipe-therapy.fr\/wp-content\/uploads\/2015\/03\/Chartre-IPE.pdf\" target=\"_blank\" rel=\"noopener\">notre charte de d\u00e9ontologie \u00e0 t\u00e9l\u00e9charger ici<\/a> <a href=\"https:\/\/www.ipe-therapy.fr\/wp-content\/uploads\/2015\/03\/icon-pdf.jpg\"><img loading=\"lazy\" decoding=\"async\" class=\"alignnone size-full wp-image-41\" src=\"https:\/\/www.ipe-therapy.fr\/wp-content\/uploads\/2015\/03\/icon-pdf.jpg\" alt=\"\" width=\"12\" height=\"12\" \/><\/a><\/p>\n<hr \/>\n<h3><strong>1 &#8211; A Paris (75) en pr\u00e9sentiel du <span style=\"color: #993366;\">17 au 21 mai 2026 (inclus):<\/span><\/strong><\/h3>\n<h4><img loading=\"lazy\" decoding=\"async\" class=\"alignnone size-full wp-image-1949\" src=\"https:\/\/www.ipe-therapy.fr\/wp-content\/uploads\/2024\/11\/doigt.png\" alt=\"\" width=\"23\" height=\"20\" \/> \u00a0<span style=\"color: #3366ff;\"><a style=\"color: #3366ff;\" href=\"https:\/\/rdv-sante.fr\/clients\/PascaleBERNARD\/progiciel\/grille.php?is=1\" target=\"_blank\" rel=\"noopener\">Cliquer ici :\u00a0Pour Prendre RV en pr\u00e9sentiel \u00e0 Paris<\/a><\/span><\/h4>\n<p>Pas de consultations en visio \u00e0 Paris<\/p>\n<p><a href=\"https:\/\/www.ipe-therapy.fr\/wp-content\/uploads\/2015\/03\/etoile-therapie.png\"><img loading=\"lazy\" decoding=\"async\" class=\"alignnone size-full wp-image-25\" src=\"https:\/\/www.ipe-therapy.fr\/wp-content\/uploads\/2015\/03\/etoile-therapie.png\" alt=\"\" width=\"11\" height=\"10\" \/><\/a> Pour les consultations effectu\u00e9es en cabinet, le r\u00e8glement se fait sur place.<\/p>\n<hr \/>\n<h3><span style=\"color: #666699;\"><strong>2 &#8211;<\/strong><\/span>Rendez-vous \u00e0<strong> la Bouilladisse (13) en pr\u00e9sentiel: <\/strong><\/h3>\n<h4><img loading=\"lazy\" decoding=\"async\" class=\"alignnone size-full wp-image-1949\" src=\"https:\/\/www.ipe-therapy.fr\/wp-content\/uploads\/2024\/11\/doigt.png\" alt=\"\" width=\"23\" height=\"20\" \/>\u00a0 <a href=\"https:\/\/rdv-sante.fr\/clients\/PascaleBERNARD\/progiciel\/grille.php?is=3\" target=\"_blank\" rel=\"noopener\"><span style=\"color: #3366ff;\">Cliquer ici : Pour prendre rendez-vous au cabinet \u00e0 proximit\u00e9 de Aix-en-Provence\/Marseille<\/span><\/a><\/h4>\n<p><a href=\"https:\/\/www.ipe-therapy.fr\/wp-content\/uploads\/2015\/03\/etoile-therapie.png\"><img loading=\"lazy\" decoding=\"async\" class=\"alignnone size-full wp-image-25\" src=\"https:\/\/www.ipe-therapy.fr\/wp-content\/uploads\/2015\/03\/etoile-therapie.png\" alt=\"\" width=\"11\" height=\"10\" \/><\/a> Pour les consultations effectu\u00e9es en cabinet, le r\u00e8glement se fait sur place.<\/p>\n<hr \/>\n<h3><strong><span style=\"color: #993300;\"><span style=\"color: #666699;\">3 &#8211;<\/span> <\/span><\/strong><strong>Rendez-vous en visio :<\/strong><\/h3>\n<h3><strong><span style=\"color: #993300;\"><img loading=\"lazy\" decoding=\"async\" class=\"alignnone size-full wp-image-1949\" src=\"https:\/\/www.ipe-therapy.fr\/wp-content\/uploads\/2024\/11\/doigt.png\" alt=\"\" width=\"23\" height=\"20\" \/><\/span><\/strong>\u00a0 <a href=\"https:\/\/rdv-sante.fr\/clients\/PascaleBERNARD\/progiciel\/grille.php?is=2\" target=\"_blank\" rel=\"noopener\"><span style=\"color: #3366ff;\">Cliquer ici : Pour prendre rendez-vous en visio (WhatsApp&#8230;)<\/span><\/a><\/h3>\n<p><a href=\"https:\/\/www.ipe-therapy.fr\/wp-content\/uploads\/2015\/03\/etoile-therapie.png\"><img loading=\"lazy\" decoding=\"async\" class=\"alignnone size-full wp-image-25\" src=\"https:\/\/www.ipe-therapy.fr\/wp-content\/uploads\/2015\/03\/etoile-therapie.png\" alt=\"\" width=\"11\" height=\"10\" \/><\/a> L&rsquo;exp\u00e9rience montre que les r\u00e9sultats sont les m\u00eames.<\/p>\n<p><strong><img loading=\"lazy\" decoding=\"async\" class=\"alignnone size-full wp-image-1733\" src=\"https:\/\/www.ipe-therapy.fr\/wp-content\/uploads\/2023\/10\/attention.png\" alt=\"\" width=\"16\" height=\"16\" \/> Pour les consultations \u00e0 distance, en visio :<\/strong><\/p>\n<p>Malheureusement, suite \u00e0 un surcroit de non r\u00e8glement, <span style=\"color: #000000;\"><strong>la r\u00e9ception du r\u00e8glement se fait maintenant avant la consultation.<\/strong><\/span><br \/>\nUne fois votre rendez-vous pris <u>le paiement devra \u00eatre effectu\u00e9 au moins 48h avant votre consultation sans rappel de ma part afin d&rsquo;all\u00e9ger la gestion comptable.<\/u><br \/>\nNouvelle r\u00e8gle: Vous devez m&rsquo;envoyer la preuve de votre paiement 48 h avant, afin de confirmer votre RV, je suis d\u00e9sol\u00e9e de ce durcissement, mais les v\u00e9rifications et rappels de paiement me prennent toujours trop de temps et d&rsquo;\u00e9nergie inutile.<br \/>\nLe RIB est indiqu\u00e9 sur le mail de confirmation et de rappel. Je vous remercie de votre compr\u00e9hension.<\/p>\n<hr \/>\n<h2 style=\"text-align: center;\">Informations importantes pour un premier rendez-vous.<\/h2>\n<p>Il est n\u00e9cessaire de prendre les 3 ou 4 autres RV de suivi en m\u00eame temps, afin d&rsquo;\u00eatre s\u00fbr de pouvoir faire votre travail th\u00e9rapeutique. (Il vous sera toujours possible de les annuler ult\u00e9rieurement si vous le d\u00e9sirez).<br \/>\nLes d\u00e9lais pour un RV sont g\u00e9n\u00e9ralement de 3 \u00e0 4 mois, donc n&rsquo;h\u00e9sitez pas \u00e0 organiser vos RV suivant les consignes ci-dessous:<\/p>\n<p>&nbsp;<\/p>\n<blockquote><p><em>Lors de la prise du 1 er RV: bien que des r\u00e9sultats visibles soient souvent obtenus assez rapidement, il est imp\u00e9ratif d\u2019en programmer 4 ou 5, espac\u00e9s de 3 \u00e0 5 semaines, afin de bien stabiliser le terrain et d\u2019assurer l\u2019efficacit\u00e9 et la p\u00e9rennit\u00e9 du travail fait ensemble.<\/em><br \/>\n<em>Ensuite, tous les 2 mois environ, pendant 1 an. Mais ceci, bien entendu, ne peut \u00eatre une r\u00e8gle absolue: chaque personne et situation sont uniques.<\/em><br \/>\n<em>Afin d\u2019\u00e9viter les difficult\u00e9s pour obtenir des RV pour le suivi de votre travail: pour tous les RV, les 1er ou les RV de suivi, il est plus facile d\u2019annuler un RV que d\u2019en obtenir un.<\/em><br \/>\n<em>A lire imp\u00e9rativement avant les sessions. La prise de RV implique l&rsquo;enti\u00e8re acceptation de cette chartre (document PDF en haut de cette page).<\/em><\/p><\/blockquote>\n<h3><\/h3>\n","protected":false},"excerpt":{"rendered":"<p>Les cr\u00e9neaux de rendez-vous sont ouverts \u00e0 Paris, en Visio et dans le Sud jusqu&rsquo;au 15 juin 2026. Pour \u00eatre alert\u00e9 des ouvertures des rendez-vous apr\u00e8s le 15\/06\/2026, envoyez-moi par &#8230;<\/p>\n","protected":false},"author":1,"featured_media":1183,"parent":190,"menu_order":0,"comment_status":"closed","ping_status":"closed","template":"","meta":{"footnotes":""},"class_list":["post-254","page","type-page","status-publish","has-post-thumbnail","hentry"],"_links":{"self":[{"href":"https:\/\/www.ipe-therapy.fr\/index.php?rest_route=\/wp\/v2\/pages\/254","targetHints":{"allow":["GET"]}}],"collection":[{"href":"https:\/\/www.ipe-therapy.fr\/index.php?rest_route=\/wp\/v2\/pages"}],"about":[{"href":"https:\/\/www.ipe-therapy.fr\/index.php?rest_route=\/wp\/v2\/types\/page"}],"author":[{"embeddable":true,"href":"https:\/\/www.ipe-therapy.fr\/index.php?rest_route=\/wp\/v2\/users\/1"}],"replies":[{"embeddable":true,"href":"https:\/\/www.ipe-therapy.fr\/index.php?rest_route=%2Fwp%2Fv2%2Fcomments&post=254"}],"version-history":[{"count":378,"href":"https:\/\/www.ipe-therapy.fr\/index.php?rest_route=\/wp\/v2\/pages\/254\/revisions"}],"predecessor-version":[{"id":2197,"href":"https:\/\/www.ipe-therapy.fr\/index.php?rest_route=\/wp\/v2\/pages\/254\/revisions\/2197"}],"up":[{"embeddable":true,"href":"https:\/\/www.ipe-therapy.fr\/index.php?rest_route=\/wp\/v2\/pages\/190"}],"wp:featuredmedia":[{"embeddable":true,"href":"https:\/\/www.ipe-therapy.fr\/index.php?rest_route=\/wp\/v2\/media\/1183"}],"wp:attachment":[{"href":"https:\/\/www.ipe-therapy.fr\/index.php?rest_route=%2Fwp%2Fv2%2Fmedia&parent=254"}],"curies":[{"name":"wp","href":"https:\/\/api.w.org\/{rel}","templated":true}]}}