{"id":912,"date":"2020-03-04T18:22:14","date_gmt":"2020-03-04T17:22:14","guid":{"rendered":"https:\/\/www.ipe-therapy.fr\/?page_id=912"},"modified":"2025-10-03T17:57:42","modified_gmt":"2025-10-03T15:57:42","slug":"evenements","status":"publish","type":"page","link":"https:\/\/www.ipe-therapy.fr\/?page_id=912","title":{"rendered":"Conf\u00e9rences"},"content":{"rendered":"<p style=\"text-align: left;\"><span style=\"font-weight: 400;\">Merci \u00e0 tous les participants ayant assist\u00e9 \u00e0 la conf\u00e9rence du 26\/11\/23, \u00e0 Aix en Provence<\/span><span style=\"font-weight: 400;\">&#8230;Merci pour vos nombreux retours positifs et encourageants! Nous vous donnons rendez-vous \u00e0 la prochaine conf\u00e9rence, en 2026!<\/span><\/p>\n<h3 style=\"text-align: left;\"><img loading=\"lazy\" decoding=\"async\" class=\"alignnone size-full wp-image-1949\" src=\"https:\/\/www.ipe-therapy.fr\/wp-content\/uploads\/2024\/11\/doigt.png\" alt=\"\" width=\"23\" height=\"20\" \/> Ci-dessous les t\u00e9moignages de 2 participantes.<\/h3>\n<p><iframe loading=\"lazy\" title=\"YouTube video player\" src=\"https:\/\/www.youtube.com\/embed\/uu89l_Blng8\" width=\"95%\" height=\"315\" frameborder=\"0\" allowfullscreen=\"allowfullscreen\"><span data-mce-type=\"bookmark\" style=\"display: inline-block; width: 0px; overflow: hidden; line-height: 0;\" class=\"mce_SELRES_start\">\ufeff<\/span><span data-mce-type=\"bookmark\" style=\"display: inline-block; width: 0px; overflow: hidden; line-height: 0;\" class=\"mce_SELRES_start\"><\/span><span data-mce-type=\"bookmark\" style=\"display: inline-block; width: 0px; overflow: hidden; line-height: 0;\" class=\"mce_SELRES_start\"><\/span><span data-mce-type=\"bookmark\" style=\"display: inline-block; width: 0px; overflow: hidden; line-height: 0;\" class=\"mce_SELRES_start\"><\/span><\/iframe><br \/>\n<iframe loading=\"lazy\" title=\"YouTube video player\" src=\"https:\/\/www.youtube.com\/embed\/PvWUhotoxy4\" width=\"95%\" height=\"315\" frameborder=\"0\" allowfullscreen=\"allowfullscreen\"><span data-mce-type=\"bookmark\" style=\"display: inline-block; width: 0px; overflow: hidden; line-height: 0;\" class=\"mce_SELRES_start\">\ufeff<\/span><span data-mce-type=\"bookmark\" style=\"display: inline-block; width: 0px; overflow: hidden; line-height: 0;\" class=\"mce_SELRES_start\">\ufeff<\/span><span data-mce-type=\"bookmark\" style=\"display: inline-block; width: 0px; overflow: hidden; line-height: 0;\" class=\"mce_SELRES_start\">\ufeff<\/span><span data-mce-type=\"bookmark\" style=\"display: inline-block; width: 0px; overflow: hidden; line-height: 0;\" class=\"mce_SELRES_start\">\ufeff<\/span><span data-mce-type=\"bookmark\" style=\"display: inline-block; width: 0px; overflow: hidden; line-height: 0;\" class=\"mce_SELRES_start\"><\/span><span data-mce-type=\"bookmark\" style=\"display: inline-block; width: 0px; overflow: hidden; line-height: 0;\" class=\"mce_SELRES_start\"><\/span><span data-mce-type=\"bookmark\" style=\"display: inline-block; width: 0px; overflow: hidden; line-height: 0;\" class=\"mce_SELRES_start\"><\/span><\/iframe><\/p>\n<p>Pour consulter d&rsquo;autres t\u00e9moignages sur des cas pratiques, <a href=\"https:\/\/www.ipe-therapy.fr\/?p=1630\">cliquez ici&#8230;<\/a><\/p>\n<p>&nbsp;<\/p>\n","protected":false},"excerpt":{"rendered":"<p>Merci \u00e0 tous les participants ayant assist\u00e9 \u00e0 la conf\u00e9rence du 26\/11\/23, \u00e0 Aix en Provence&#8230;Merci pour vos nombreux retours positifs et encourageants! Nous vous donnons rendez-vous \u00e0 la prochaine &#8230;<\/p>\n","protected":false},"author":1,"featured_media":1945,"parent":0,"menu_order":0,"comment_status":"closed","ping_status":"closed","template":"","meta":{"footnotes":""},"class_list":["post-912","page","type-page","status-publish","has-post-thumbnail","hentry"],"_links":{"self":[{"href":"https:\/\/www.ipe-therapy.fr\/index.php?rest_route=\/wp\/v2\/pages\/912","targetHints":{"allow":["GET"]}}],"collection":[{"href":"https:\/\/www.ipe-therapy.fr\/index.php?rest_route=\/wp\/v2\/pages"}],"about":[{"href":"https:\/\/www.ipe-therapy.fr\/index.php?rest_route=\/wp\/v2\/types\/page"}],"author":[{"embeddable":true,"href":"https:\/\/www.ipe-therapy.fr\/index.php?rest_route=\/wp\/v2\/users\/1"}],"replies":[{"embeddable":true,"href":"https:\/\/www.ipe-therapy.fr\/index.php?rest_route=%2Fwp%2Fv2%2Fcomments&post=912"}],"version-history":[{"count":149,"href":"https:\/\/www.ipe-therapy.fr\/index.php?rest_route=\/wp\/v2\/pages\/912\/revisions"}],"predecessor-version":[{"id":2141,"href":"https:\/\/www.ipe-therapy.fr\/index.php?rest_route=\/wp\/v2\/pages\/912\/revisions\/2141"}],"wp:featuredmedia":[{"embeddable":true,"href":"https:\/\/www.ipe-therapy.fr\/index.php?rest_route=\/wp\/v2\/media\/1945"}],"wp:attachment":[{"href":"https:\/\/www.ipe-therapy.fr\/index.php?rest_route=%2Fwp%2Fv2%2Fmedia&parent=912"}],"curies":[{"name":"wp","href":"https:\/\/api.w.org\/{rel}","templated":true}]}}